{"id":268,"date":"2023-10-10T13:47:26","date_gmt":"2023-10-10T11:47:26","guid":{"rendered":"https:\/\/www.etna-sea-robots.com\/index.php\/blog\/"},"modified":"2023-11-14T16:25:43","modified_gmt":"2023-11-14T15:25:43","slug":"notre_histoire","status":"publish","type":"page","link":"https:\/\/www.etna-sea-robots.com\/index.php\/notre_histoire\/","title":{"rendered":"Notre  histoire"},"content":{"rendered":"\n<p class=\"has-text-align-center has-medium-font-size\"><strong>ETNA, c&rsquo;est presque 30 ans d&rsquo;existence et donc une histoire \u00e0 raconter.<\/strong><\/p>\n\n\n\n<div class=\"wp-block-columns has-background is-layout-flex wp-container-core-columns-is-layout-28f84493 wp-block-columns-is-layout-flex\" style=\"background-color:#153052\">\n<div class=\"wp-block-column is-layout-flow wp-block-column-is-layout-flow\">\n<h3 class=\"wp-block-heading has-text-align-center has-white-color has-text-color has-medium-font-size\"><strong>1997<\/strong><\/h3>\n\n\n\n<h4 class=\"wp-block-heading has-text-align-center has-white-color has-text-color has-medium-font-size\"><strong>Cr\u00e9ation d&rsquo;ETNA<\/strong><br>par Jean-Philippe BRUNET<\/h4>\n\n\n\n<p class=\"has-white-color has-text-color\">Son objectif \u00e9tait de concevoir et fabriquer des \u00e9quipements de communications crypt\u00e9es pour la t\u00e9l\u00e9diffusion.<\/p>\n<\/div>\n\n\n\n<div class=\"wp-block-column is-layout-flow wp-block-column-is-layout-flow\">\n<figure class=\"wp-block-image aligncenter size-full is-resized\"><img loading=\"lazy\" decoding=\"async\" width=\"256\" height=\"117\" src=\"https:\/\/www.etna-sea-robots.com\/wp-content\/uploads\/2023\/10\/logo-noir.png\" alt=\"logo\" class=\"wp-image-296\" style=\"aspect-ratio:2.1880341880341883;width:376px;height:auto\"\/><\/figure>\n<\/div>\n<\/div>\n\n\n\n<div class=\"wp-block-columns is-layout-flex wp-container-core-columns-is-layout-28f84493 wp-block-columns-is-layout-flex\">\n<div class=\"wp-block-column is-layout-flow wp-block-column-is-layout-flow\">\n<figure class=\"wp-block-image size-full\"><img loading=\"lazy\" decoding=\"async\" width=\"948\" height=\"942\" src=\"https:\/\/www.etna-sea-robots.com\/wp-content\/uploads\/2023\/10\/\u2014Pngtree\u2014military-radar-detector_3316440.png\" alt=\"image-radar\" class=\"wp-image-544\" srcset=\"https:\/\/www.etna-sea-robots.com\/wp-content\/uploads\/2023\/10\/\u2014Pngtree\u2014military-radar-detector_3316440.png 948w, https:\/\/www.etna-sea-robots.com\/wp-content\/uploads\/2023\/10\/\u2014Pngtree\u2014military-radar-detector_3316440-300x298.png 300w, https:\/\/www.etna-sea-robots.com\/wp-content\/uploads\/2023\/10\/\u2014Pngtree\u2014military-radar-detector_3316440-150x150.png 150w, https:\/\/www.etna-sea-robots.com\/wp-content\/uploads\/2023\/10\/\u2014Pngtree\u2014military-radar-detector_3316440-768x763.png 768w\" sizes=\"auto, (max-width: 948px) 100vw, 948px\" \/><\/figure>\n<\/div>\n\n\n\n<div class=\"wp-block-column is-layout-flow wp-block-column-is-layout-flow\">\n<h3 class=\"wp-block-heading has-text-align-center has-medium-font-size\"><strong>2001<\/strong><\/h3>\n\n\n\n<h4 class=\"wp-block-heading has-text-align-center has-medium-font-size\"><strong>OCCIU : Nouvelle technologie et vieux concept<\/strong><\/h4>\n\n\n\n<p class=\"has-text-align-left\">Jean-Philippe BRUNET d\u00e9cide de reprendre une id\u00e9e datant des ann\u00e9es 1930, irr\u00e9alisable avec les technologies de l&rsquo;\u00e9poque, qui consiste \u00e0 utiliser le fond \u00e9lectromagn\u00e9tique des stations de radiodiffusion pour fabriquer un radar passif appel\u00e9 OCCIU.<\/p>\n\n\n\n<p class=\"has-text-align-left\">Ce type de radar poss\u00e8de l&rsquo; avantage de la furtivit\u00e9 ainsi que la possibilit\u00e9 de voir derri\u00e8re des collines ou \u00e0 travers la v\u00e9g\u00e9tation. Il n&rsquo;est pas d\u00e9tectable directement.<\/p>\n\n\n\n<p>En 2005, l&rsquo;\u00e9quipe radar d&rsquo;ETNA rejoint l&rsquo;entreprise THALES sous l&rsquo;impulsion des autorit\u00e9s.<\/p>\n<\/div>\n<\/div>\n\n\n\n<div class=\"wp-block-columns is-layout-flex wp-container-core-columns-is-layout-28f84493 wp-block-columns-is-layout-flex\">\n<div class=\"wp-block-column is-layout-flow wp-block-column-is-layout-flow\">\n<h3 class=\"wp-block-heading has-text-align-center has-medium-font-size\"><strong>200<\/strong>5<\/h3>\n\n\n\n<h4 class=\"wp-block-heading has-text-align-center has-medium-font-size\"><strong>D\u00e9veloppement d&rsquo;ETNA<\/strong><\/h4>\n\n\n\n<p>ETNA d\u00e9veloppe une activit\u00e9 de syst\u00e8mes d&rsquo;aide \u00e0 la navigation :<\/p>\n\n\n\n<ul class=\"wp-block-list\">\n<li>Equipements de communication sous-marine \u00e0 un d\u00e9bit de 10 Mb\/s en full duplex \u00e0 l\u2019alternat,<\/li>\n\n\n\n<li>\u00c9tudes de modules de communication NFC destin\u00e9s \u00e0 des \u00e9quipements en mouvement (Roues, Freins,\u2026),<\/li>\n\n\n\n<li>\u00c9quipements de positionnement de pr\u00e9cision,<\/li>\n\n\n\n<li>D\u00e9veloppement de protocoles de communication,<\/li>\n\n\n\n<li>Prestations d&rsquo;\u00e9tudes en sous-traitance&#8230;<\/li>\n<\/ul>\n<\/div>\n\n\n\n<div class=\"wp-block-column is-layout-flow wp-block-column-is-layout-flow\">\n<div class=\"wp-block-columns is-layout-flex wp-container-core-columns-is-layout-28f84493 wp-block-columns-is-layout-flex\">\n<div class=\"wp-block-column is-layout-flow wp-block-column-is-layout-flow\" style=\"flex-basis:100%\">\n<figure class=\"wp-block-image aligncenter size-large is-style-default\"><img loading=\"lazy\" decoding=\"async\" width=\"1024\" height=\"678\" src=\"https:\/\/www.etna-sea-robots.com\/wp-content\/uploads\/2023\/10\/boat-1044723_1280-1024x678.jpg\" alt=\"Passerelle-bateau\" class=\"wp-image-552\" srcset=\"https:\/\/www.etna-sea-robots.com\/wp-content\/uploads\/2023\/10\/boat-1044723_1280-1024x678.jpg 1024w, https:\/\/www.etna-sea-robots.com\/wp-content\/uploads\/2023\/10\/boat-1044723_1280-300x199.jpg 300w, https:\/\/www.etna-sea-robots.com\/wp-content\/uploads\/2023\/10\/boat-1044723_1280-768x508.jpg 768w, https:\/\/www.etna-sea-robots.com\/wp-content\/uploads\/2023\/10\/boat-1044723_1280.jpg 1280w\" sizes=\"auto, (max-width: 1024px) 100vw, 1024px\" \/><\/figure>\n<\/div>\n<\/div>\n\n\n\n<p><\/p>\n<\/div>\n<\/div>\n\n\n\n<div class=\"wp-block-columns has-background is-layout-flex wp-container-core-columns-is-layout-28f84493 wp-block-columns-is-layout-flex\" style=\"background-color:#153052\">\n<div class=\"wp-block-column is-layout-flow wp-block-column-is-layout-flow\">\n<h3 class=\"wp-block-heading has-text-align-center has-white-color has-text-color has-medium-font-size\"><strong>2014<\/strong><\/h3>\n\n\n\n<p class=\"has-text-align-center has-white-color has-text-color\">Jean-Philippe BRUNET est rejoint par<br> Pierre VIOLANTE et Alain BEAUJEAN<\/p>\n<\/div>\n\n\n\n<div class=\"wp-block-column is-layout-flow wp-block-column-is-layout-flow\">\n<figure class=\"wp-block-image size-large\"><img loading=\"lazy\" decoding=\"async\" width=\"1024\" height=\"732\" src=\"https:\/\/www.etna-sea-robots.com\/wp-content\/uploads\/2023\/10\/online-6698352_1280-1024x732.png\" alt=\"collaboration\" class=\"wp-image-549\" srcset=\"https:\/\/www.etna-sea-robots.com\/wp-content\/uploads\/2023\/10\/online-6698352_1280-1024x732.png 1024w, https:\/\/www.etna-sea-robots.com\/wp-content\/uploads\/2023\/10\/online-6698352_1280-300x214.png 300w, https:\/\/www.etna-sea-robots.com\/wp-content\/uploads\/2023\/10\/online-6698352_1280-768x549.png 768w, https:\/\/www.etna-sea-robots.com\/wp-content\/uploads\/2023\/10\/online-6698352_1280.png 1280w\" sizes=\"auto, (max-width: 1024px) 100vw, 1024px\" \/><\/figure>\n<\/div>\n<\/div>\n\n\n\n<div class=\"wp-block-columns is-layout-flex wp-container-core-columns-is-layout-28f84493 wp-block-columns-is-layout-flex\">\n<div class=\"wp-block-column is-layout-flow wp-block-column-is-layout-flow\">\n<div style=\"height:206px\" aria-hidden=\"true\" class=\"wp-block-spacer\"><\/div>\n\n\n\n<figure class=\"wp-block-image size-large\"><img loading=\"lazy\" decoding=\"async\" width=\"1024\" height=\"461\" src=\"https:\/\/www.etna-sea-robots.com\/wp-content\/uploads\/2023\/10\/20230425_134136-1024x461.jpg\" alt=\"Travail-sur-software\" class=\"wp-image-495\" srcset=\"https:\/\/www.etna-sea-robots.com\/wp-content\/uploads\/2023\/10\/20230425_134136-1024x461.jpg 1024w, https:\/\/www.etna-sea-robots.com\/wp-content\/uploads\/2023\/10\/20230425_134136-300x135.jpg 300w, https:\/\/www.etna-sea-robots.com\/wp-content\/uploads\/2023\/10\/20230425_134136-768x346.jpg 768w, https:\/\/www.etna-sea-robots.com\/wp-content\/uploads\/2023\/10\/20230425_134136-1536x691.jpg 1536w, https:\/\/www.etna-sea-robots.com\/wp-content\/uploads\/2023\/10\/20230425_134136-2048x922.jpg 2048w, https:\/\/www.etna-sea-robots.com\/wp-content\/uploads\/2023\/10\/20230425_134136-2000x900.jpg 2000w\" sizes=\"auto, (max-width: 1024px) 100vw, 1024px\" \/><\/figure>\n<\/div>\n\n\n\n<div class=\"wp-block-column is-layout-flow wp-block-column-is-layout-flow\">\n<h3 class=\"wp-block-heading has-text-align-center has-medium-font-size\"><strong>2020<\/strong><\/h3>\n\n\n\n<h4 class=\"wp-block-heading has-text-align-center has-medium-font-size\"><strong>ETNA prend la d\u00e9nomination commerciale d&rsquo;ETNA Sea-Robots <\/strong><\/h4>\n\n\n\n<p>ETNA se consacre \u00e0 une activit\u00e9 robotique et commence la conception de drones de surface (USV) autonomes pouvant \u00eatre op\u00e9r\u00e9s en solitaire ou en essaims.<\/p>\n\n\n\n<p>Elle d\u00e9veloppe parall\u00e8lement un logiciel de simulation et contr\u00f4le\/commande bas\u00e9 sur une intelligence artificielle comportementale. Ce logiciel permet de simuler toutes les caract\u00e9ristiques de la mission qui sera ensuite assign\u00e9e au drone.<\/p>\n\n\n\n<p>ETNA d\u00e9veloppe ses propres syst\u00e8mes d&rsquo;\u00e9nergie conformes et peut \u00e9galement les proposer en OEM.<\/p>\n<\/div>\n<\/div>\n\n\n\n<div class=\"wp-block-columns has-background is-layout-flex wp-container-core-columns-is-layout-28f84493 wp-block-columns-is-layout-flex\" style=\"background-color:#ed5103\">\n<div class=\"wp-block-column is-layout-flow wp-block-column-is-layout-flow\">\n<h3 class=\"wp-block-heading has-text-align-center has-white-color has-text-color has-medium-font-size\"><strong>2021<\/strong><\/h3>\n\n\n\n<h4 class=\"wp-block-heading has-text-align-center has-white-color has-text-color has-medium-font-size\">Inauguration du laboratoire<br> \u00e0 Lanrivoar\u00e9 (29)<\/h4>\n\n\n\n<p class=\"has-white-color has-text-color\">Proche de Brest, sa localisation pr\u00e8s de la mer et des plans d&rsquo;eau, est id\u00e9ale pour les essais in situ.<\/p>\n<\/div>\n\n\n\n<div class=\"wp-block-column is-layout-flow wp-block-column-is-layout-flow\">\n<div style=\"height:12px\" aria-hidden=\"true\" class=\"wp-block-spacer\"><\/div>\n\n\n\n<figure class=\"wp-block-image size-large\"><img loading=\"lazy\" decoding=\"async\" width=\"1024\" height=\"576\" src=\"https:\/\/www.etna-sea-robots.com\/wp-content\/uploads\/2023\/10\/labo1-1024x576.png\" alt=\"Laboratoire\" class=\"wp-image-371\" srcset=\"https:\/\/www.etna-sea-robots.com\/wp-content\/uploads\/2023\/10\/labo1-1024x576.png 1024w, https:\/\/www.etna-sea-robots.com\/wp-content\/uploads\/2023\/10\/labo1-300x169.png 300w, https:\/\/www.etna-sea-robots.com\/wp-content\/uploads\/2023\/10\/labo1-768x432.png 768w, https:\/\/www.etna-sea-robots.com\/wp-content\/uploads\/2023\/10\/labo1.png 1489w\" sizes=\"auto, (max-width: 1024px) 100vw, 1024px\" \/><\/figure>\n<\/div>\n<\/div>\n\n\n\n<blockquote class=\"wp-block-quote has-black-color has-text-color has-small-font-size is-layout-flow wp-block-quote-is-layout-flow\">\n<p class=\"has-text-color has-large-font-size\" style=\"color:#1d2b3a\"><a href=\"http:\/\/evene.lefigaro.fr\/citation\/toute-technologie-avancee-magique-25418.php\"><strong>\u201cToute technologie avanc\u00e9e est magique.\u201d<\/strong><\/a><\/p>\n<cite><strong>De&nbsp;<a href=\"http:\/\/evene.lefigaro.fr\/celebre\/biographie\/isaac-bashevis-singer-3637.php\">Isaac Bashevis Singer<\/a>&nbsp;<\/strong><\/cite><\/blockquote>\n","protected":false},"excerpt":{"rendered":"<p>ETNA, c&rsquo;est presque 30 ans d&rsquo;existence et donc une histoire \u00e0 raconter. 1997 Cr\u00e9ation d&rsquo;ETNApar Jean-Philippe BRUNET Son objectif \u00e9tait de concevoir et fabriquer des \u00e9quipements de communications crypt\u00e9es pour la t\u00e9l\u00e9diffusion. 2001 OCCIU : Nouvelle technologie et vieux concept Jean-Philippe BRUNET d\u00e9cide de reprendre une id\u00e9e datant des ann\u00e9es 1930, irr\u00e9alisable avec les technologies &hellip; <\/p>\n<p class=\"link-more\"><a href=\"https:\/\/www.etna-sea-robots.com\/index.php\/notre_histoire\/\" class=\"more-link\">Lire la suite de<span class=\"screen-reader-text\">\u00ab\u00a0Notre  histoire\u00a0\u00bb<\/span><\/a><\/p>\n","protected":false},"author":3,"featured_media":0,"parent":0,"menu_order":0,"comment_status":"closed","ping_status":"closed","template":"","meta":{"footnotes":""},"class_list":["post-268","page","type-page","status-publish","hentry"],"yoast_head":"<!-- This site is optimized with the Yoast SEO plugin v26.3 - https:\/\/yoast.com\/wordpress\/plugins\/seo\/ -->\n<title>Notre histoire - ETNA Sea-Robots<\/title>\n<meta name=\"robots\" content=\"index, follow, max-snippet:-1, max-image-preview:large, max-video-preview:-1\" \/>\n<link rel=\"canonical\" href=\"https:\/\/www.etna-sea-robots.com\/index.php\/notre_histoire\/\" \/>\n<meta property=\"og:locale\" content=\"fr_FR\" \/>\n<meta property=\"og:type\" content=\"article\" \/>\n<meta property=\"og:title\" content=\"Notre histoire - ETNA Sea-Robots\" \/>\n<meta property=\"og:description\" content=\"ETNA, c&rsquo;est presque 30 ans d&rsquo;existence et donc une histoire \u00e0 raconter. 1997 Cr\u00e9ation d&rsquo;ETNApar Jean-Philippe BRUNET Son objectif \u00e9tait de concevoir et fabriquer des \u00e9quipements de communications crypt\u00e9es pour la t\u00e9l\u00e9diffusion. 2001 OCCIU : Nouvelle technologie et vieux concept Jean-Philippe BRUNET d\u00e9cide de reprendre une id\u00e9e datant des ann\u00e9es 1930, irr\u00e9alisable avec les technologies &hellip; Lire la suite de\u00ab\u00a0Notre histoire\u00a0\u00bb\" \/>\n<meta property=\"og:url\" content=\"https:\/\/www.etna-sea-robots.com\/index.php\/notre_histoire\/\" \/>\n<meta property=\"og:site_name\" content=\"ETNA Sea-Robots\" \/>\n<meta property=\"article:modified_time\" content=\"2023-11-14T15:25:43+00:00\" \/>\n<meta property=\"og:image\" content=\"https:\/\/www.etna-sea-robots.com\/wp-content\/uploads\/2023\/10\/logo-noir.png\" \/>\n<meta name=\"twitter:card\" content=\"summary_large_image\" \/>\n<meta name=\"twitter:label1\" content=\"Dur\u00e9e de lecture estim\u00e9e\" \/>\n\t<meta name=\"twitter:data1\" content=\"3 minutes\" \/>\n<script type=\"application\/ld+json\" class=\"yoast-schema-graph\">{\"@context\":\"https:\/\/schema.org\",\"@graph\":[{\"@type\":\"WebPage\",\"@id\":\"https:\/\/www.etna-sea-robots.com\/index.php\/notre_histoire\/\",\"url\":\"https:\/\/www.etna-sea-robots.com\/index.php\/notre_histoire\/\",\"name\":\"Notre histoire - ETNA Sea-Robots\",\"isPartOf\":{\"@id\":\"https:\/\/www.etna-sea-robots.com\/#website\"},\"primaryImageOfPage\":{\"@id\":\"https:\/\/www.etna-sea-robots.com\/index.php\/notre_histoire\/#primaryimage\"},\"image\":{\"@id\":\"https:\/\/www.etna-sea-robots.com\/index.php\/notre_histoire\/#primaryimage\"},\"thumbnailUrl\":\"https:\/\/www.etna-sea-robots.com\/wp-content\/uploads\/2023\/10\/logo-noir.png\",\"datePublished\":\"2023-10-10T11:47:26+00:00\",\"dateModified\":\"2023-11-14T15:25:43+00:00\",\"breadcrumb\":{\"@id\":\"https:\/\/www.etna-sea-robots.com\/index.php\/notre_histoire\/#breadcrumb\"},\"inLanguage\":\"fr-FR\",\"potentialAction\":[{\"@type\":\"ReadAction\",\"target\":[\"https:\/\/www.etna-sea-robots.com\/index.php\/notre_histoire\/\"]}]},{\"@type\":\"ImageObject\",\"inLanguage\":\"fr-FR\",\"@id\":\"https:\/\/www.etna-sea-robots.com\/index.php\/notre_histoire\/#primaryimage\",\"url\":\"https:\/\/www.etna-sea-robots.com\/wp-content\/uploads\/2023\/10\/logo-noir.png\",\"contentUrl\":\"https:\/\/www.etna-sea-robots.com\/wp-content\/uploads\/2023\/10\/logo-noir.png\",\"width\":256,\"height\":117,\"caption\":\"logo\"},{\"@type\":\"BreadcrumbList\",\"@id\":\"https:\/\/www.etna-sea-robots.com\/index.php\/notre_histoire\/#breadcrumb\",\"itemListElement\":[{\"@type\":\"ListItem\",\"position\":1,\"name\":\"Accueil\",\"item\":\"https:\/\/www.etna-sea-robots.com\/\"},{\"@type\":\"ListItem\",\"position\":2,\"name\":\"Notre histoire\"}]},{\"@type\":\"WebSite\",\"@id\":\"https:\/\/www.etna-sea-robots.com\/#website\",\"url\":\"https:\/\/www.etna-sea-robots.com\/\",\"name\":\"ETNA Sea-Robots\",\"description\":\"Conception de drones autonomes pilot\u00e9s par Intelligence Artificielle\",\"publisher\":{\"@id\":\"https:\/\/www.etna-sea-robots.com\/#organization\"},\"potentialAction\":[{\"@type\":\"SearchAction\",\"target\":{\"@type\":\"EntryPoint\",\"urlTemplate\":\"https:\/\/www.etna-sea-robots.com\/?s={search_term_string}\"},\"query-input\":{\"@type\":\"PropertyValueSpecification\",\"valueRequired\":true,\"valueName\":\"search_term_string\"}}],\"inLanguage\":\"fr-FR\"},{\"@type\":\"Organization\",\"@id\":\"https:\/\/www.etna-sea-robots.com\/#organization\",\"name\":\"ETNA Sea-Robots\",\"url\":\"https:\/\/www.etna-sea-robots.com\/\",\"logo\":{\"@type\":\"ImageObject\",\"inLanguage\":\"fr-FR\",\"@id\":\"https:\/\/www.etna-sea-robots.com\/#\/schema\/logo\/image\/\",\"url\":\"https:\/\/www.etna-sea-robots.com\/wp-content\/uploads\/2023\/10\/cropped-logo-blanc.png\",\"contentUrl\":\"https:\/\/www.etna-sea-robots.com\/wp-content\/uploads\/2023\/10\/cropped-logo-blanc.png\",\"width\":347,\"height\":182,\"caption\":\"ETNA Sea-Robots\"},\"image\":{\"@id\":\"https:\/\/www.etna-sea-robots.com\/#\/schema\/logo\/image\/\"},\"sameAs\":[\"https:\/\/www.linkedin.com\/company\/etna-sea-robots\/about\/\"]}]}<\/script>\n<!-- \/ Yoast SEO plugin. -->","yoast_head_json":{"title":"Notre histoire - ETNA Sea-Robots","robots":{"index":"index","follow":"follow","max-snippet":"max-snippet:-1","max-image-preview":"max-image-preview:large","max-video-preview":"max-video-preview:-1"},"canonical":"https:\/\/www.etna-sea-robots.com\/index.php\/notre_histoire\/","og_locale":"fr_FR","og_type":"article","og_title":"Notre histoire - ETNA Sea-Robots","og_description":"ETNA, c&rsquo;est presque 30 ans d&rsquo;existence et donc une histoire \u00e0 raconter. 1997 Cr\u00e9ation d&rsquo;ETNApar Jean-Philippe BRUNET Son objectif \u00e9tait de concevoir et fabriquer des \u00e9quipements de communications crypt\u00e9es pour la t\u00e9l\u00e9diffusion. 2001 OCCIU : Nouvelle technologie et vieux concept Jean-Philippe BRUNET d\u00e9cide de reprendre une id\u00e9e datant des ann\u00e9es 1930, irr\u00e9alisable avec les technologies &hellip; Lire la suite de\u00ab\u00a0Notre histoire\u00a0\u00bb","og_url":"https:\/\/www.etna-sea-robots.com\/index.php\/notre_histoire\/","og_site_name":"ETNA Sea-Robots","article_modified_time":"2023-11-14T15:25:43+00:00","og_image":[{"url":"https:\/\/www.etna-sea-robots.com\/wp-content\/uploads\/2023\/10\/logo-noir.png","type":"","width":"","height":""}],"twitter_card":"summary_large_image","twitter_misc":{"Dur\u00e9e de lecture estim\u00e9e":"3 minutes"},"schema":{"@context":"https:\/\/schema.org","@graph":[{"@type":"WebPage","@id":"https:\/\/www.etna-sea-robots.com\/index.php\/notre_histoire\/","url":"https:\/\/www.etna-sea-robots.com\/index.php\/notre_histoire\/","name":"Notre histoire - ETNA Sea-Robots","isPartOf":{"@id":"https:\/\/www.etna-sea-robots.com\/#website"},"primaryImageOfPage":{"@id":"https:\/\/www.etna-sea-robots.com\/index.php\/notre_histoire\/#primaryimage"},"image":{"@id":"https:\/\/www.etna-sea-robots.com\/index.php\/notre_histoire\/#primaryimage"},"thumbnailUrl":"https:\/\/www.etna-sea-robots.com\/wp-content\/uploads\/2023\/10\/logo-noir.png","datePublished":"2023-10-10T11:47:26+00:00","dateModified":"2023-11-14T15:25:43+00:00","breadcrumb":{"@id":"https:\/\/www.etna-sea-robots.com\/index.php\/notre_histoire\/#breadcrumb"},"inLanguage":"fr-FR","potentialAction":[{"@type":"ReadAction","target":["https:\/\/www.etna-sea-robots.com\/index.php\/notre_histoire\/"]}]},{"@type":"ImageObject","inLanguage":"fr-FR","@id":"https:\/\/www.etna-sea-robots.com\/index.php\/notre_histoire\/#primaryimage","url":"https:\/\/www.etna-sea-robots.com\/wp-content\/uploads\/2023\/10\/logo-noir.png","contentUrl":"https:\/\/www.etna-sea-robots.com\/wp-content\/uploads\/2023\/10\/logo-noir.png","width":256,"height":117,"caption":"logo"},{"@type":"BreadcrumbList","@id":"https:\/\/www.etna-sea-robots.com\/index.php\/notre_histoire\/#breadcrumb","itemListElement":[{"@type":"ListItem","position":1,"name":"Accueil","item":"https:\/\/www.etna-sea-robots.com\/"},{"@type":"ListItem","position":2,"name":"Notre histoire"}]},{"@type":"WebSite","@id":"https:\/\/www.etna-sea-robots.com\/#website","url":"https:\/\/www.etna-sea-robots.com\/","name":"ETNA Sea-Robots","description":"Conception de drones autonomes pilot\u00e9s par Intelligence Artificielle","publisher":{"@id":"https:\/\/www.etna-sea-robots.com\/#organization"},"potentialAction":[{"@type":"SearchAction","target":{"@type":"EntryPoint","urlTemplate":"https:\/\/www.etna-sea-robots.com\/?s={search_term_string}"},"query-input":{"@type":"PropertyValueSpecification","valueRequired":true,"valueName":"search_term_string"}}],"inLanguage":"fr-FR"},{"@type":"Organization","@id":"https:\/\/www.etna-sea-robots.com\/#organization","name":"ETNA Sea-Robots","url":"https:\/\/www.etna-sea-robots.com\/","logo":{"@type":"ImageObject","inLanguage":"fr-FR","@id":"https:\/\/www.etna-sea-robots.com\/#\/schema\/logo\/image\/","url":"https:\/\/www.etna-sea-robots.com\/wp-content\/uploads\/2023\/10\/cropped-logo-blanc.png","contentUrl":"https:\/\/www.etna-sea-robots.com\/wp-content\/uploads\/2023\/10\/cropped-logo-blanc.png","width":347,"height":182,"caption":"ETNA Sea-Robots"},"image":{"@id":"https:\/\/www.etna-sea-robots.com\/#\/schema\/logo\/image\/"},"sameAs":["https:\/\/www.linkedin.com\/company\/etna-sea-robots\/about\/"]}]}},"jetpack_sharing_enabled":true,"_links":{"self":[{"href":"https:\/\/www.etna-sea-robots.com\/index.php\/wp-json\/wp\/v2\/pages\/268","targetHints":{"allow":["GET"]}}],"collection":[{"href":"https:\/\/www.etna-sea-robots.com\/index.php\/wp-json\/wp\/v2\/pages"}],"about":[{"href":"https:\/\/www.etna-sea-robots.com\/index.php\/wp-json\/wp\/v2\/types\/page"}],"author":[{"embeddable":true,"href":"https:\/\/www.etna-sea-robots.com\/index.php\/wp-json\/wp\/v2\/users\/3"}],"replies":[{"embeddable":true,"href":"https:\/\/www.etna-sea-robots.com\/index.php\/wp-json\/wp\/v2\/comments?post=268"}],"version-history":[{"count":9,"href":"https:\/\/www.etna-sea-robots.com\/index.php\/wp-json\/wp\/v2\/pages\/268\/revisions"}],"predecessor-version":[{"id":605,"href":"https:\/\/www.etna-sea-robots.com\/index.php\/wp-json\/wp\/v2\/pages\/268\/revisions\/605"}],"wp:attachment":[{"href":"https:\/\/www.etna-sea-robots.com\/index.php\/wp-json\/wp\/v2\/media?parent=268"}],"curies":[{"name":"wp","href":"https:\/\/api.w.org\/{rel}","templated":true}]}}